{"id":130,"date":"2019-09-06T20:30:27","date_gmt":"2019-09-06T20:30:27","guid":{"rendered":"http:\/\/test.baerenklauer-sportfreunde.de\/?page_id=130"},"modified":"2026-02-15T19:07:52","modified_gmt":"2026-02-15T19:07:52","slug":"startseite","status":"publish","type":"page","link":"https:\/\/baerenklauer-sportfreunde.de\/","title":{"rendered":"Herzlich Willkommen"},"content":{"rendered":"\t\t<div data-elementor-type=\"wp-page\" data-elementor-id=\"130\" class=\"elementor elementor-130\">\n\t\t\t\t\t\t<section class=\"elementor-section elementor-top-section elementor-element elementor-element-1edca878 elementor-section-boxed elementor-section-height-default elementor-section-height-default\" data-id=\"1edca878\" data-element_type=\"section\">\n\t\t\t\t\t\t<div class=\"elementor-container elementor-column-gap-default\">\n\t\t\t\t\t<div class=\"elementor-column elementor-col-100 elementor-top-column elementor-element elementor-element-268ad695\" data-id=\"268ad695\" data-element_type=\"column\">\n\t\t\t<div class=\"elementor-widget-wrap elementor-element-populated\">\n\t\t\t\t\t\t<div class=\"elementor-element elementor-element-2eae7eb6 elementor-widget elementor-widget-text-editor\" data-id=\"2eae7eb6\" data-element_type=\"widget\" data-widget_type=\"text-editor.default\">\n\t\t\t\t<div class=\"elementor-widget-container\">\n\t\t\t\t\t\t\t\t\t<h5><\/h5>\n<p class=\"has-text-align-left\">Wir sind ein Freizeit-Sportverein f\u00fcr Badminton in Oberkr\u00e4mer. Jede*r kann mitmachen, ob Anf\u00e4nger*in oder Vereinsspieler*in. Kommt einfach einmal vorbei (mit oder ohne Schl\u00e4ger), schaut es Euch an oder spielt gleich mit.<\/p>\n<p><\/p>\n<p class=\"has-text-align-left\">Training ist immer donnerstags und regelm\u00e4\u00dfig auch sonntags in der <a href=\"https:\/\/www.openstreetmap.org\/#map=19\/52.72027\/13.10334\" target=\"_blank\" rel=\"noreferrer noopener\">Sporthalle der Nashorn-Grundschule in Vehlefanz<\/a>. Der Sonntag ist \u00fcbrigens unser Familientag, mehr dazu <a href=\"https:\/\/baerenklauer-sportfreunde.de\/?p=112\">hier<\/a>.<\/p>\n<p><\/p>\n<p><\/p>\n<hr class=\"wp-block-separator has-css-opacity is-style-wide\">\n<p><\/p>\n<h1 class=\"has-text-align-center wp-block-heading\">Aktuelles<\/h1>\n<p><\/p>\n<blockquote class=\"wp-block-quote is-layout-flow wp-block-quote-is-layout-flow\">\n<p><\/p>\n<p><\/p>\n<\/blockquote>\n<blockquote class=\"wp-block-quote\">\n<p><\/p>\n<\/blockquote>\n<p><\/p>\n<p><\/p>\n<p><\/p>\n<p><\/p>\t\t\t\t\t\t\t\t<\/div>\n\t\t\t\t<\/div>\n\t\t\t\t<div class=\"elementor-element elementor-element-88b4e62 elementor-widget elementor-widget-wp-widget-recent-posts\" data-id=\"88b4e62\" data-element_type=\"widget\" data-widget_type=\"wp-widget-recent-posts.default\">\n\t\t\t\t<div class=\"elementor-widget-container\">\n\t\t\t\t\t\n\t\t\n\t\t<h5>Neueste Beitr\u00e4ge<\/h5>\n\t\t<ul>\n\t\t\t\t\t\t\t\t\t\t\t<li>\n\t\t\t\t\t<a href=\"https:\/\/baerenklauer-sportfreunde.de\/?p=1514\">Mitgliederversammlung am 12. M\u00e4rz 2026<\/a>\n\t\t\t\t\t\t\t\t\t<\/li>\n\t\t\t\t\t<\/ul>\n\n\t\t\t\t\t\t<\/div>\n\t\t\t\t<\/div>\n\t\t\t\t\t<\/div>\n\t\t<\/div>\n\t\t\t\t\t<\/div>\n\t\t<\/section>\n\t\t\t\t<section class=\"elementor-section elementor-top-section elementor-element elementor-element-9c873c2 elementor-section-boxed elementor-section-height-default elementor-section-height-default\" data-id=\"9c873c2\" data-element_type=\"section\">\n\t\t\t\t\t\t<div class=\"elementor-container elementor-column-gap-default\">\n\t\t\t\t\t<div class=\"elementor-column elementor-col-100 elementor-top-column elementor-element elementor-element-f94efa7\" data-id=\"f94efa7\" data-element_type=\"column\">\n\t\t\t<div class=\"elementor-widget-wrap\">\n\t\t\t\t\t\t\t<\/div>\n\t\t<\/div>\n\t\t\t\t\t<\/div>\n\t\t<\/section>\n\t\t\t\t<\/div>\n\t\t","protected":false},"excerpt":{"rendered":"<p>Wir sind ein Freizeit-Sportverein f\u00fcr Badminton in Oberkr\u00e4mer. Jede*r kann mitmachen, ob Anf\u00e4nger*in oder Vereinsspieler*in. Kommt einfach einmal vorbei (mit oder ohne Schl\u00e4ger), schaut es Euch an oder spielt gleich mit. Training ist immer donnerstags und regelm\u00e4\u00dfig auch sonntags in der Sporthalle der Nashorn-Grundschule in Vehlefanz. Der Sonntag ist \u00fcbrigens unser Familientag, mehr dazu hier. Aktuelles<\/p>\n","protected":false},"author":1,"featured_media":0,"parent":0,"menu_order":0,"comment_status":"closed","ping_status":"closed","template":"","meta":{"footnotes":""},"class_list":["post-130","page","type-page","status-publish","hentry"],"_links":{"self":[{"href":"https:\/\/baerenklauer-sportfreunde.de\/index.php?rest_route=\/wp\/v2\/pages\/130","targetHints":{"allow":["GET"]}}],"collection":[{"href":"https:\/\/baerenklauer-sportfreunde.de\/index.php?rest_route=\/wp\/v2\/pages"}],"about":[{"href":"https:\/\/baerenklauer-sportfreunde.de\/index.php?rest_route=\/wp\/v2\/types\/page"}],"author":[{"embeddable":true,"href":"https:\/\/baerenklauer-sportfreunde.de\/index.php?rest_route=\/wp\/v2\/users\/1"}],"replies":[{"embeddable":true,"href":"https:\/\/baerenklauer-sportfreunde.de\/index.php?rest_route=%2Fwp%2Fv2%2Fcomments&post=130"}],"version-history":[{"count":231,"href":"https:\/\/baerenklauer-sportfreunde.de\/index.php?rest_route=\/wp\/v2\/pages\/130\/revisions"}],"predecessor-version":[{"id":1533,"href":"https:\/\/baerenklauer-sportfreunde.de\/index.php?rest_route=\/wp\/v2\/pages\/130\/revisions\/1533"}],"wp:attachment":[{"href":"https:\/\/baerenklauer-sportfreunde.de\/index.php?rest_route=%2Fwp%2Fv2%2Fmedia&parent=130"}],"curies":[{"name":"wp","href":"https:\/\/api.w.org\/{rel}","templated":true}]}}