{"id":42,"date":"2019-09-06T13:34:43","date_gmt":"2019-09-06T13:34:43","guid":{"rendered":"http:\/\/test.baerenklauer-sportfreunde.de\/?page_id=42"},"modified":"2025-04-11T13:57:51","modified_gmt":"2025-04-11T13:57:51","slug":"impressum","status":"publish","type":"page","link":"https:\/\/baerenklauer-sportfreunde.de\/?page_id=42","title":{"rendered":"Impressum"},"content":{"rendered":"\n<p><a href=\"https:\/\/baerenklauer-sportfreunde.de\/index.html\">www.baerenklauer-sportfreunde.de<\/a> ist die offizielle Website des B\u00e4renklauer Sportfreunde e.V.. <\/p>\n\n\n\n<h3 class=\"wp-block-heading\">Herausgeber<\/h3>\n\n\n\n<h4 class=\"wp-block-heading\">Die Angaben sind gem\u00e4\u00df \u00a7 5 TMG (Telemediengesetz):<\/h4>\n\n\n\n<p>B\u00e4renklauer Sportfreunde e.V.<br> c\/o Oliver Ebert<br> Meisenweg 1<br> 16727 Oberkr\u00e4mer<\/p>\n\n\n\n<h4 class=\"wp-block-heading\">Vertreten durch:<\/h4>\n\n\n\n<p>Oliver Ebert<\/p>\n\n\n\n<h4 class=\"wp-block-heading\">Kontakt:<\/h4>\n\n\n\n<figure class=\"wp-block-table\"><table><tbody><tr><td>Telefon:<\/td><td>+49 151 70533119<\/td><\/tr><tr><td>E-Mail:<\/td><td><a href=\"mailto: kontakt@baerenklauer-sportfreunde.de\">kontakt@baerenklauer-sportfreunde.de<\/a>            <\/td><\/tr><\/tbody><\/table><\/figure>\n\n\n\n<h4 class=\"wp-block-heading\">Registereintrag:<\/h4>\n\n\n\n<p>\n  Eintragung im Vereinsregister.<br>\n  Registergericht: Amtsgericht Neuruppin<br>\n  Vereinsregister-Nr.: 1687NP\n<\/p>\n\n\n\n<h3 class=\"wp-block-heading\">Haftungsausschluss (Disclaimer)<\/h3>\n\n\n\n<h4 class=\"wp-block-heading\">Haftung f\u00fcr Inhalte<\/h4>\n\n\n\n<p>Als Diensteanbieter sind wir gem\u00e4\u00df \u00a7 7 Abs.1 TMG f\u00fcr eigene Inhalte  auf diesen Seiten nach den allgemeinen Gesetzen verantwortlich. Nach \u00a7\u00a7 8 bis 10 TMG sind wir als Diensteanbieter jedoch nicht verpflichtet, \u00fcbermittelte oder gespeicherte fremde Informationen zu \u00fcberwachen oder  nach Umst\u00e4nden zu forschen, die auf eine rechtswidrige T\u00e4tigkeit hinweisen. <\/p>\n\n\n\n<p>Verpflichtungen zur Entfernung oder Sperrung der Nutzung von  Informationen nach den allgemeinen Gesetzen bleiben hiervon unber\u00fchrt. Eine diesbez\u00fcgliche Haftung ist jedoch erst ab dem Zeitpunkt der Kenntnis einer konkreten Rechtsverletzung m\u00f6glich. Bei Bekanntwerden von entsprechenden Rechtsverletzungen werden wir  diese Inhalte umgehend entfernen. <\/p>\n\n\n\n<h4 class=\"wp-block-heading\">Haftung f\u00fcr Links<\/h4>\n\n\n\n<p>Unser Angebot enth\u00e4lt Links zu externen Webseiten Dritter, auf deren Inhalte wir keinen Einfluss haben. Deshalb k\u00f6nnen wir f\u00fcr diese fremden Inhalte auch keine Gew\u00e4hr \u00fcbernehmen. F\u00fcr die Inhalte der verlinkten Seiten ist stets der jeweilige Anbieter oder Betreiber der Seiten verantwortlich. Die verlinkten Seiten wurden zum Zeitpunkt der Verlinkung auf m\u00f6gliche Rechtsverst\u00f6\u00dfe \u00fcberpr\u00fcft. Rechtswidrige Inhalte waren zum Zeitpunkt der Verlinkung nicht erkennbar. <\/p>\n\n\n\n<p>Eine permanente inhaltliche Kontrolle der verlinkten Seiten ist jedoch ohne konkrete Anhaltspunkte einer Rechtsverletzung nicht zumutbar. Bei Bekanntwerden von Rechtsverletzungen werden wir derartige Links umgehend entfernen. <\/p>\n\n\n\n<h4 class=\"wp-block-heading\">Urheberrecht<\/h4>\n\n\n\n<p>Die durch die Seitenbetreiber erstellten Inhalte und Werke auf diesen Seiten unterliegen dem deutschen Urheberrecht.   Die Vervielf\u00e4ltigung, Bearbeitung, Verbreitung und jede Art der Verwertung au\u00dferhalb der Grenzen des Urheberrechtes bed\u00fcrfen der schriftlichen Zustimmung des jeweiligen Autors bzw. Erstellers. Downloads und Kopien dieser Seite sind nur f\u00fcr den privaten, nicht kommerziellen Gebrauch gestattet. <\/p>\n\n\n\n<p>Soweit die Inhalte auf dieser Seite nicht vom Betreiber erstellt wurden, werden die Urheberrechte Dritter beachtet.   Insbesondere werden Inhalte Dritter als solche gekennzeichnet. Sollten Sie trotzdem auf eine Urheberrechtsverletzung aufmerksam werden, bitten wir um einen entsprechenden Hinweis. Bei Bekanntwerden von Rechtsverletzungen werden wir derartige Inhalte umgehend entfernen. <\/p>\n\n\n\n<h3 class=\"wp-block-heading\">Datenschutzerkl\u00e4rung<\/h3>\n\n\n\n<h4 class=\"wp-block-heading\">Datenschutz<\/h4>\n\n\n\n<p>Die Betreiber dieser Seiten nehmen den Schutz Ihrer pers\u00f6nlichen Daten  sehr ernst. Wir behandeln Ihre personenbezogenen Daten vertraulich und entsprechend der gesetzlichen EU-Datenschutzgrundverordnung (EU-DSGVO) sowie dieser Datenschutzerkl\u00e4rung. <\/p>\n\n\n\n<p>Sofern innerhalb des Internetangebotes die M\u00f6glichkeit zur Eingabe pers\u00f6nlicher oder gesch\u00e4ftlicher Daten   (Emailadressen, Namen, Anschriften) besteht, so erfolgt die Preisgabe dieser Daten seitens des Nutzers auf ausdr\u00fccklich freiwilliger Basis. Die Inanspruchnahme und Bezahlung aller angebotenen Dienste ist &#8211; soweit technisch m\u00f6glich und zumutbar &#8211; auch ohne Angabe solcher Daten bzw. unter Angabe anonymisierter Daten oder eines Pseudonyms gestattet. Die Nutzung der im Rahmen des Impressums oder vergleichbarer Angaben ver\u00f6ffentlichten Kontaktdaten wie   Postanschriften, Telefon- und Faxnummern sowie Emailadressen durch Dritte zur \u00dcbersendung von nicht ausdr\u00fccklich angeforderten Informationen ist nicht gestattet. Rechtliche Schritte gegen die Versender von sogenannten Spam-Mails bei Verst\u00f6ssen gegen dieses Verbot sind ausdr\u00fccklich vorbehalten. <\/p>\n\n\n\n<p>Wir weisen darauf hin, dass die Daten\u00fcbertragung im Internet (z.B. bei  der Kommunikation per E-Mail) Sicherheitsl\u00fccken aufweisen kann.   Ein l\u00fcckenloser Schutz der Daten vor dem Zugriff durch Dritte ist  nicht m\u00f6glich. <\/p>\n\n\n\n<h4 class=\"wp-block-heading\">Auskunft, L\u00f6schung, Sperrung<\/h4>\n\n\n\n<p>Sie haben jederzeit das Recht auf unentgeltliche Auskunft \u00fcber Ihre  gespeicherten personenbezogenen Daten, deren Herkunft und Empf\u00e4nger und den Zweck der Datenverarbeitung sowie  ein Recht auf Berichtigung, Sperrung oder L\u00f6schung dieser Daten. Hierzu sowie zu weiteren Fragen zum Thema personenbezogene Daten  k\u00f6nnen Sie sich jederzeit unter der im Impressum angegebenen Adresse an uns wenden. <\/p>\n\n\n\n<h4 class=\"wp-block-heading\">Server-Log-Files<\/h4>\n\n\n\n<p>Zugriffe auf unsere Webseite werden von unserem Hosting-Anbieter  Strato in einer Logdatei auf dem Webserver protokolliert. Diese Informationen umfassen nur Daten, die von Ihrem Webbrowser an den Server \u00fcbertragen werden   (u.A. die Zugriffszeit, die besuchte Seite und die IP-Adresse des  Zugreifenden) und dienen dazu, unsere Website anzuzeigen und die Stabilit\u00e4t und Sicherheit zu  gew\u00e4hrleisten. Die Rechtsgrundlage f\u00fcr diese Datenverarbeitung ist ein berechtigtes Interesse im Sinne des Art. 6 Abs. 1 S. 1 lit. f der DSGVO. Diese Daten werden nach sp\u00e4testens 7 Tagen gel\u00f6scht. <\/p>\n\n\n\n<p>\n  Sie haben folgende Rechte bez\u00fcglich pers\u00f6nlicher Daten:\n<\/p>\n\n\n\n<ul class=\"wp-block-list\">\n<li>Recht auf Auskunft,<\/li>\n\n\n\n<li>Recht auf Berichtigung oder L\u00f6schung,<\/li>\n\n\n\n<li>Recht auf Einschr\u00e4nkung der Verarbeitung,<\/li>\n\n\n\n<li>Recht auf Widerspruch gegen die Verarbeitung,<\/li>\n\n\n\n<li>Recht auf Daten\u00fcbertragbarkeit.<\/li>\n<\/ul>\n\n\n\n<p>Sie k\u00f6nnen weitere Informationen zur Datenverarbeitung durch Strato unter <a href=\"https:\/\/www.strato.de\/datenschutz\/\">https:\/\/www.strato.de\/datenschutz\/<\/a> einsehen. <\/p>\n\n\n\n<h4 class=\"wp-block-heading\">Widerspruch Werbe-Mails<\/h4>\n\n\n\n<p>Der Nutzung von im Rahmen der Impressumspflicht ver\u00f6ffentlichten  Kontaktdaten zur \u00dcbersendung von nicht ausdr\u00fccklich angeforderter Werbung und Informationsmaterialien wird hiermit widersprochen. Die Betreiber der Seiten behalten sich ausdr\u00fccklich rechtliche  Schritte im Falle der unverlangten Zusendung von Werbeinformationen, etwa durch Spam-E-Mails, vor. <\/p>\n\n\n\n<p>Quelle: <a href=\"https:\/\/www.e-recht24.de\/\" target=\"_blank\" rel=\"noreferrer noopener\">eRecht24<\/a>.<\/p>\n","protected":false},"excerpt":{"rendered":"<p>www.baerenklauer-sportfreunde.de ist die offizielle Website des B\u00e4renklauer Sportfreunde e.V.. Herausgeber Die Angaben sind gem\u00e4\u00df \u00a7 5 TMG (Telemediengesetz): B\u00e4renklauer Sportfreunde e.V. c\/o Oliver Ebert Meisenweg 1 16727 Oberkr\u00e4mer Vertreten durch: Oliver Ebert Kontakt: Telefon: +49 151 70533119 E-Mail: kontakt@baerenklauer-sportfreunde.de Registereintrag: Eintragung im Vereinsregister. Registergericht: Amtsgericht Neuruppin Vereinsregister-Nr.: 1687NP Haftungsausschluss (Disclaimer) Haftung f\u00fcr Inhalte Als Diensteanbieter sind wir gem\u00e4\u00df \u00a7 7 Abs.1 TMG f\u00fcr eigene Inhalte auf diesen Seiten nach den allgemeinen Gesetzen verantwortlich. Nach \u00a7\u00a7 8 bis 10 TMG sind wir als Diensteanbieter jedoch nicht verpflichtet, \u00fcbermittelte oder gespeicherte fremde Informationen zu \u00fcberwachen oder nach Umst\u00e4nden zu forschen, die auf eine rechtswidrige T\u00e4tigkeit hinweisen. Verpflichtungen zur Entfernung oder Sperrung der Nutzung von Informationen nach den allgemeinen Gesetzen bleiben hiervon unber\u00fchrt. Eine diesbez\u00fcgliche Haftung ist jedoch erst ab dem Zeitpunkt der Kenntnis einer konkreten Rechtsverletzung m\u00f6glich. Bei Bekanntwerden von entsprechenden Rechtsverletzungen werden wir diese Inhalte umgehend entfernen. Haftung f\u00fcr Links Unser Angebot enth\u00e4lt Links zu externen Webseiten Dritter, auf deren Inhalte wir keinen Einfluss haben. Deshalb k\u00f6nnen wir f\u00fcr diese fremden Inhalte auch keine Gew\u00e4hr \u00fcbernehmen. F\u00fcr die Inhalte der verlinkten Seiten ist stets der jeweilige Anbieter oder Betreiber der Seiten verantwortlich. Die verlinkten Seiten wurden zum Zeitpunkt der Verlinkung auf m\u00f6gliche Rechtsverst\u00f6\u00dfe \u00fcberpr\u00fcft. Rechtswidrige Inhalte waren zum Zeitpunkt der Verlinkung nicht erkennbar. Eine permanente inhaltliche Kontrolle der verlinkten Seiten ist jedoch ohne konkrete Anhaltspunkte einer Rechtsverletzung nicht zumutbar. Bei Bekanntwerden von Rechtsverletzungen werden wir derartige Links umgehend entfernen. Urheberrecht Die durch die Seitenbetreiber erstellten Inhalte und Werke auf diesen Seiten unterliegen dem deutschen Urheberrecht. Die Vervielf\u00e4ltigung, Bearbeitung, Verbreitung und jede Art der Verwertung au\u00dferhalb der Grenzen des Urheberrechtes bed\u00fcrfen der schriftlichen Zustimmung des jeweiligen Autors bzw. Erstellers. Downloads und Kopien dieser Seite sind nur f\u00fcr den privaten, nicht kommerziellen Gebrauch gestattet. Soweit die Inhalte auf dieser Seite nicht vom Betreiber erstellt wurden, werden die Urheberrechte Dritter beachtet. Insbesondere werden Inhalte Dritter als solche gekennzeichnet. Sollten Sie trotzdem auf eine Urheberrechtsverletzung aufmerksam werden, bitten wir um einen entsprechenden Hinweis. Bei Bekanntwerden von Rechtsverletzungen werden wir derartige Inhalte umgehend entfernen. Datenschutzerkl\u00e4rung Datenschutz Die Betreiber dieser Seiten nehmen den Schutz Ihrer pers\u00f6nlichen Daten sehr ernst. Wir behandeln Ihre personenbezogenen Daten vertraulich und entsprechend der gesetzlichen EU-Datenschutzgrundverordnung (EU-DSGVO) sowie dieser Datenschutzerkl\u00e4rung. Sofern innerhalb des Internetangebotes die M\u00f6glichkeit zur Eingabe pers\u00f6nlicher oder gesch\u00e4ftlicher Daten (Emailadressen, Namen, Anschriften) besteht, so erfolgt die Preisgabe dieser Daten seitens des Nutzers auf ausdr\u00fccklich freiwilliger Basis. Die Inanspruchnahme und Bezahlung aller angebotenen Dienste ist &#8211; soweit technisch m\u00f6glich und zumutbar &#8211; auch ohne Angabe solcher Daten bzw. unter Angabe anonymisierter Daten oder eines Pseudonyms gestattet. Die Nutzung der im Rahmen des Impressums oder vergleichbarer Angaben ver\u00f6ffentlichten Kontaktdaten wie Postanschriften, Telefon- und Faxnummern sowie Emailadressen durch Dritte zur \u00dcbersendung von nicht ausdr\u00fccklich angeforderten Informationen ist nicht gestattet. Rechtliche Schritte gegen die Versender von sogenannten Spam-Mails bei Verst\u00f6ssen gegen dieses Verbot sind ausdr\u00fccklich vorbehalten. Wir weisen darauf hin, dass die Daten\u00fcbertragung im Internet (z.B. bei der Kommunikation per E-Mail) Sicherheitsl\u00fccken aufweisen kann. Ein l\u00fcckenloser Schutz der Daten vor dem Zugriff durch Dritte ist nicht m\u00f6glich. Auskunft, L\u00f6schung, Sperrung Sie haben jederzeit das Recht auf unentgeltliche Auskunft \u00fcber Ihre gespeicherten personenbezogenen Daten, deren Herkunft und Empf\u00e4nger und den Zweck der Datenverarbeitung sowie ein Recht auf Berichtigung, Sperrung oder L\u00f6schung dieser Daten. Hierzu sowie zu weiteren Fragen zum Thema personenbezogene Daten k\u00f6nnen Sie sich jederzeit unter der im Impressum angegebenen Adresse an uns wenden. Server-Log-Files Zugriffe auf unsere Webseite werden von unserem Hosting-Anbieter Strato in einer Logdatei auf dem Webserver protokolliert. Diese Informationen umfassen nur Daten, die von Ihrem Webbrowser an den Server \u00fcbertragen werden (u.A. die Zugriffszeit, die besuchte Seite und die IP-Adresse des Zugreifenden) und dienen dazu, unsere Website anzuzeigen und die Stabilit\u00e4t und Sicherheit zu gew\u00e4hrleisten. Die Rechtsgrundlage f\u00fcr diese Datenverarbeitung ist ein berechtigtes Interesse im Sinne des Art. 6 Abs. 1 S. 1 lit. f der DSGVO. Diese Daten werden nach sp\u00e4testens 7 Tagen gel\u00f6scht. Sie haben folgende Rechte bez\u00fcglich pers\u00f6nlicher Daten: Sie k\u00f6nnen weitere Informationen zur Datenverarbeitung durch Strato unter https:\/\/www.strato.de\/datenschutz\/ einsehen. Widerspruch Werbe-Mails Der Nutzung von im Rahmen der Impressumspflicht ver\u00f6ffentlichten Kontaktdaten zur \u00dcbersendung von nicht ausdr\u00fccklich angeforderter Werbung und Informationsmaterialien wird hiermit widersprochen. Die Betreiber der Seiten behalten sich ausdr\u00fccklich rechtliche Schritte im Falle der unverlangten Zusendung von Werbeinformationen, etwa durch Spam-E-Mails, vor. Quelle: eRecht24.<\/p>\n","protected":false},"author":1,"featured_media":0,"parent":0,"menu_order":0,"comment_status":"closed","ping_status":"closed","template":"","meta":{"footnotes":""},"class_list":["post-42","page","type-page","status-publish","hentry"],"_links":{"self":[{"href":"https:\/\/baerenklauer-sportfreunde.de\/index.php?rest_route=\/wp\/v2\/pages\/42","targetHints":{"allow":["GET"]}}],"collection":[{"href":"https:\/\/baerenklauer-sportfreunde.de\/index.php?rest_route=\/wp\/v2\/pages"}],"about":[{"href":"https:\/\/baerenklauer-sportfreunde.de\/index.php?rest_route=\/wp\/v2\/types\/page"}],"author":[{"embeddable":true,"href":"https:\/\/baerenklauer-sportfreunde.de\/index.php?rest_route=\/wp\/v2\/users\/1"}],"replies":[{"embeddable":true,"href":"https:\/\/baerenklauer-sportfreunde.de\/index.php?rest_route=%2Fwp%2Fv2%2Fcomments&post=42"}],"version-history":[{"count":5,"href":"https:\/\/baerenklauer-sportfreunde.de\/index.php?rest_route=\/wp\/v2\/pages\/42\/revisions"}],"predecessor-version":[{"id":1304,"href":"https:\/\/baerenklauer-sportfreunde.de\/index.php?rest_route=\/wp\/v2\/pages\/42\/revisions\/1304"}],"wp:attachment":[{"href":"https:\/\/baerenklauer-sportfreunde.de\/index.php?rest_route=%2Fwp%2Fv2%2Fmedia&parent=42"}],"curies":[{"name":"wp","href":"https:\/\/api.w.org\/{rel}","templated":true}]}}